{"id":3,"date":"2019-01-29T18:34:25","date_gmt":"2019-01-29T18:34:25","guid":{"rendered":"http:\/\/dnl.si\/\/?page_id=3"},"modified":"2019-09-30T09:59:00","modified_gmt":"2019-09-30T09:59:00","slug":"privacy-policy","status":"publish","type":"page","link":"http:\/\/dnl.si\/index.php\/privacy-policy\/","title":{"rendered":"Politika Zasebnosti"},"content":{"rendered":"\t\t<div data-elementor-type=\"wp-page\" data-elementor-id=\"3\" class=\"elementor elementor-3\" data-elementor-settings=\"[]\">\n\t\t\t<div class=\"elementor-inner\">\n\t\t\t\t<div class=\"elementor-section-wrap\">\n\t\t\t\t\t\t\t<section class=\"elementor-element elementor-element-3843c460 elementor-section-boxed elementor-section-height-default elementor-section-height-default elementor-section elementor-top-section\" data-id=\"3843c460\" data-element_type=\"section\">\n\t\t\t\t\t\t<div class=\"elementor-container elementor-column-gap-default\">\n\t\t\t\t<div class=\"elementor-row\">\n\t\t\t\t<div class=\"elementor-element elementor-element-23965c97 elementor-column elementor-col-100 elementor-top-column\" data-id=\"23965c97\" data-element_type=\"column\">\n\t\t\t<div class=\"elementor-column-wrap  elementor-element-populated\">\n\t\t\t\t\t<div class=\"elementor-widget-wrap\">\n\t\t\t\t<div class=\"elementor-element elementor-element-73c4479 elementor-widget elementor-widget-text-editor\" data-id=\"73c4479\" data-element_type=\"widget\" data-widget_type=\"text-editor.default\">\n\t\t\t\t<div class=\"elementor-widget-container\">\n\t\t\t\t\t<div class=\"elementor-text-editor elementor-clearfix\"><h3 data-fontsize=\"36\" data-lineheight=\"54\">Kdo smo<\/h3>\n<p>Naslov na\u0161e spletne strani je:\u00a0<a style=\"background-color: #ffffff; font-size: 1em;\" href=\"http:\/\/dnl.si\/\">http:\/\/dnl.si\/<\/a><\/p>\n<p><span style=\"color: #54595f; font-size: 1em;\">DNL ANDI PODLESNIK s.p.<\/span><\/p>\n<p><span style=\"color: #54595f; font-size: 1em;\">Pod gozdom 17,<\/span><\/p>\n<p><span style=\"color: #54595f; font-size: 1em;\">1420 Trbovlje<\/span><\/p>\n<p>\u00a0<\/p>\n<h3 data-fontsize=\"34\" data-lineheight=\"51\">Katere osebne podatke zbiramo in zakaj<\/h3>\n<h4 data-fontsize=\"25\" data-lineheight=\"37\">Komentarji<\/h4>\n<p>Ko obiskovalci zapustijo komentarje na spletnem mestu, zbiramo podatke, prikazane v oddanem obrazcu, in tudi naslov IP obiskovalca, ki pomaga odkriti ne\u017eeleno po\u0161to.<\/p>\n<p>Storitvi Gravatar lahko dobite anonimiziran niz, ustvarjen s svojega e-po\u0161tnega naslova (imenovano tudi hash), da vidite, ali jo uporabljate. Politika zasebnosti storitve Gravatar je na voljo tukaj: https:\/\/automattic.com\/privacy\/. Po odobritvi va\u0161ega komentarja je va\u0161a slika profila prikazana javnosti v okviru va\u0161ega komentarja.<\/p>\n<h4 data-fontsize=\"25\" data-lineheight=\"37\">Kontaktni obrazci<\/h4>\n<p>Osnovni podatki oddani preko kontaktnega obrazca. Te osebne podatke hranimo za \u010das poslovne komunikacije<\/p>\n<h4 data-fontsize=\"25\" data-lineheight=\"37\">Pi\u0161kotki za prijavo in registracijo<\/h4>\n<p>\u010ce imate ra\u010dun in se prijavite na to spletno mesto, bomo nastavili za\u010dasni pi\u0161kotek, da ugotovimo, ali va\u0161 brskalnik sprejema pi\u0161kotke. Ta pi\u0161kotek ne vsebuje osebnih podatkov in je zavr\u017een, ko zaprete brskalnik.<\/p>\n<p>Ko se prijavite, bo sistem dodal ve\u010d pi\u0161kotkov, ki shranijo vpisane podatke. Pi\u0161kotki za prijavo trajajo dva dni, mo\u017enosti pi\u0161kotkov pa trajajo eno leto. \u010ce izberete \u00bbZapomni si me\u00ab, bo va\u0161a prijava trajala dva tedna. \u010ce se odjavite iz svojega ra\u010duna, bodo pi\u0161kotki za prijavo odstranjeni.<\/p>\n<h4 data-fontsize=\"25\" data-lineheight=\"37\">Statistika<\/h4>\n<p><strong>Google Analytics<\/strong><br \/>Na spletni strani uporabljamo servis Google Analytics za vodenje statistike obiska.<\/p>\n<h4 data-fontsize=\"25\" data-lineheight=\"37\">Ogla\u0161evanje<\/h4>\n<p><strong>Facebook Pixel<\/strong><br \/>Na spletni strani uporabljamo Facebook pixel za uporabo ponovnega tr\u017eenja<\/p>\n<h4 data-fontsize=\"25\" data-lineheight=\"37\">S kom delimo va\u0161e osebne podatke?<\/h4>\n<p>Spletna stran deli va\u0161e podatke o obisku samo s servisom Google Analytics in Facebook ogla\u0161evalskim orodjem.\u00a0<a style=\"background-color: #ffffff; font-size: 1em;\" href=\"http:\/\/dnl.si\/\">http:\/\/dnl.si\/<\/a><span style=\"font-size: 1em;\">\u00a0ne deli nobenih drugih podatkov s tretjo osebo razen s skrbnikom spletnega mesta, ki teh podatkov ne uporablja, ker skrbi samo za tehni\u010dno vzdr\u017eevanje. Skrbnik skrbi za nemoteno tehni\u010dno delovanje spletne trgovine.\u00a0<\/span><\/p>\n<h4 data-fontsize=\"25\" data-lineheight=\"37\">Kako dolgo shranjujemo va\u0161e podatke?<\/h4>\n<p>\u010ce pustite komentar, se komentar in njegovi metapodatki ohranijo za nedolo\u010den \u010das. To je zato, da lahko samodejno prepoznamo in odobravamo nadaljnje komentarje, namesto da jih zadr\u017eimo v \u010dakalni vrsti.<\/p>\n<p>Za uporabnike, ki se prijavijo na na\u0161i spletni strani (\u010de obstajajo), shranjujemo tudi osebne podatke, ki jih imajo v svojem uporabni\u0161kem profilu. Vsi uporabniki si lahko kadar koli ogledajo, urejajo ali izbri\u0161ejo svoje osebne podatke (razen \u010de ne morejo spremeniti uporabni\u0161kega imena). Tudi skrbniki spletnih mest si lahko ogledajo te osebne podatke.<\/p>\n<h4 data-fontsize=\"25\" data-lineheight=\"37\">Katere pravice imate glede va\u0161ih podatkov?<\/h4>\n<p>\u010ce imate na tej spletni strani ra\u010dun ali ste pustili komentarje, lahko zahtevate, da prejmete izvo\u017eeno datoteko osebnih podatkov, ki jih imamo o vas, vklju\u010dno s podatki, ki ste nam jih posredovali. Prav tako lahko zahtevate, da izbri\u0161emo vse osebne podatke, ki jih imamo o vas. To ne vklju\u010duje podatkov, ki jih moramo hraniti v administrativne, pravne ali varnostne namene.<\/p>\n<h4 data-fontsize=\"25\" data-lineheight=\"37\">Kako varujemo va\u0161e podatke?<\/h4>\n<p>Va\u0161e podatki so obdelani preko varnega stre\u017enika, ki gostuje pri ponudniku gostovanja neoserv.si. Ne mi ne ponudnik gostovanja ne shranjuje nobenih va\u0161ih osebnih podatkov.<\/p>\n<h4 data-fontsize=\"25\" data-lineheight=\"37\">Kontaktni podatki<\/h4>\n<p><strong>Telefon:<\/strong>\u00a0\u2014\u00a0<span style=\"color: #54595f;\">051 218 185<\/span><br \/><strong>Email:<\/strong>\u00a0<span style=\"color: #54595f; font-size: 1em;\">andi@dnl.si<\/span><\/p>\n<p><span style=\"color: #54595f; font-size: 1em;\">\u00a0 \u00a0 \u00a0 \u00a0 \u00a0 \u00a0 info@dnl.si<\/span><\/p>\n<p><span style=\"font-family: -apple-system, BlinkMacSystemFont, 'Segoe UI', Roboto, Oxygen, Ubuntu, Cantarell, 'Fira Sans', 'Droid Sans', 'Helvetica Neue', sans-serif; font-size: 1.125em; font-weight: bold; letter-spacing: -0.02em;\">Osebni podatki<\/span><\/p>\n<p>Osebni podatki na\u0161ih uporabnikov so eno izmed podro\u010dij, kateremu posve\u010damo izredno skrb in pozornost. Poskrbimo, da so vse zahteve ne samo dose\u017eene, ampak jih, \u010de se le da, prese\u017eemo, saj se zavedamo ob\u010dutljive narave tega podro\u010dja.<\/p>\n<p>Administrator\/upravitelj spletne trgovine je podjetje\u00a0<span style=\"color: #54595f;\">DNL ANDI PODLESNIK s.p.<\/span>\u00a0in je v skladu z\u00a0<a href=\"http:\/\/www.uradni-list.si\/1\/objava.jsp?urlid=200794&amp;stevilka=4690\">Zakonom o varstvu osebnih podatkov (ZVOP-1-UPB1<\/a>) zavezan k varovanju osebnih podatkov uporabnikov.<\/p>\n<p>Za potrebe poslovanja\u00a0zbiramo naslednje uporabnikove podatke:<\/p>\n<ul>\n<li>ime in priimek,<\/li>\n<li>naslov in kraj bivanja,<\/li>\n<li>naslov elektronske po\u0161te (tvoje uporabni\u0161ko ime),<\/li>\n<li>kontaktno telefonsko \u0161tevilko,<\/li>\n<li>geslo v \u0161ifrirani obliki,<\/li>\n<li>ter ostale podatke, ki jih uporabniki vnesete v obrazce na spletnem mestu.<\/li>\n<\/ul>\n<p>Za to\u010dnost podatkov, ki jih vnesete uporabniki, ne odgovarjamo.<\/p>\n<p>Za potrebe zagotavljanja varnosti, se zbirajo tudi\u00a0<strong>IP naslovi<\/strong>, iz katerih uporabniki dostopajo do spletnega mesta. Vsakemu uporabniku je ob za\u010detku obiska dodeljen\u00a0<strong>sejni pi\u0161kotek<\/strong>za identifikacijo in spremljanje nakupovalne ko\u0161arice. Na va\u0161 ra\u010dunalnik lahko\u00a0<a style=\"background-color: #ffffff; font-size: 1em;\" href=\"http:\/\/dnl.si\/\">http:\/\/dnl.si\/<\/a><span style=\"font-size: 1em;\">\u00a0<\/span><span style=\"font-size: 1em;\">med drugimi shrani tudi druge pi\u0161kotke, kot so: identifikacijska \u0161tevilka uporabnika v \u0161ifrirani obliki (za prepoznavanje uporabnika ob naslednjem obisku), ocene artiklov (da veste, katere artikle ste \u017ee ocenili) ter pi\u0161kotki sistema Google Analytics (analiza obiskov spletnega mesta).<\/span><\/p>\n<p>Vsi omenjeni podatki, razen pi\u0161kotkov, se na stre\u017eniku\u00a0<a style=\"background-color: #ffffff; font-size: 1em;\" href=\"http:\/\/dnl.si\/\">http:\/\/dnl.si\/<\/a>\u00a0<span style=\"font-size: 1em;\">shranjujejo trajno. Sejni pi\u0161kotki se v pomnilnik stre\u017enika shranjujejo le za \u010das trajanja obiska in se izbri\u0161ejo po eni uri neaktivnosti, trajni pi\u0161kotki pa so shranjeni na ra\u010dunalniku obiskovalca.<\/span><\/p>\n<p>Upravitelj\u00a0 lahko podatke v anonimizirani sumarni obliki uporabi za namene statisti\u010dnih analiz. podatkov o uporabnikih v nobenem primeru ne bo predal nepoobla\u0161\u010denim osebam. Dostavni slu\u017ebi (npr. Po\u0161ta Slovenije) bomo zaupali le uporabnikov naslov za dostavo. Z uporabnikom bomo stopili v stik preko sredstev komunikacije na daljavo le, \u010de uporabnik temu izrecno ne nasprotuje.<\/p>\n<h4 data-fontsize=\"25\" data-lineheight=\"37\">Izjemno razkritje osebnih podatkov<\/h4>\n<p>Podatki, ki jih\u00a0<span style=\"color: #54595f;\">DNL ANDI PODLESNIK s.p.<\/span>\u00a0zbira in obdeluje, bodo razkriti le, \u010de je taka obveznost dolo\u010dena v zakonu, ali v dobri veri, da je tako ukrepanje potrebno za postopke pred sodi\u0161\u010di ali drugimi dr\u017eavnimi organi ter za za\u0161\u010dito in uresni\u010devanje zakonitih interesov.<\/p>\n<h4 data-fontsize=\"25\" data-lineheight=\"37\">Kaj so pi\u0161kotki?<\/h4>\n<p>Pi\u0161kotki so majhne tekstovne datoteke, ki se shranijo na va\u0161 ra\u010dunalnik ob obisku na\u0161ega spletnega mesta in ne \u0161kodijo va\u0161i strojni ali programski opremi.\u00a0Njihovo shranjevanje je pod popolnim nadzorom brskalnika, ki ga ima uporabnik \u2013 ta lahko\u00a0<strong>shranjevanje pi\u0161kotkov po \u017eelji omeji ali onemogo\u010di<\/strong>. Pi\u0161kotki\u00a0niso \u0161kodljivi\u00a0in\u00a0so vedno \u010dasovno omejeni.<\/p>\n<p>Uporabo pi\u0161kotkov v Evropski uniji (EU) dolo\u010da\u00a0<a href=\"https:\/\/eur-lex.europa.eu\/LexUriServ\/LexUriServ.do?uri=CELEX:32002L0058:sl:HTML\">Direktiva o zasebnosti in elektronskih komunikacijah 2002\/58\/ES<\/a>, katere \u010dlen, ki se nana\u0161a na pi\u0161kotke in podobne tehnologije, je bil spremenjen z Direktivo 136\/2009.<\/p>\n<p>V slovenski zakonodaji uporabo pi\u0161kotkov dolo\u010da\u00a0<a href=\"https:\/\/www.uradni-list.si\/1\/content?id=111442\">Zakon o elektronskih komunikacijah oziroma ZEKom-1 (Uradni list \u0161t. 109\/2012)<\/a>, katerega \u010dlen 157 predstavlja pravno osnovo za skrb za zasebnost uporabnikov spleta.<\/p>\n<h4 data-fontsize=\"25\" data-lineheight=\"37\">Zakaj so pi\u0161kotki potrebni?<\/h4>\n<p>So temeljnega pomena za\u00a0zagotavljanje uporabniku prijaznih spletnih storitev. Interakcija med spletnim uporabnikom in spletnim mestom je s pomo\u010djo pi\u0161kotkov hitrej\u0161a in enostavnej\u0161a. Z njihovo pomo\u010djo si spletno mesto zapomni posameznikove preference in izku\u0161nje, s tem je prihranjen \u010das, brskanje po spletnih mestih pa bolj u\u010dinkovito in prijazno.<\/p>\n<p>Spletna stran vsakemu uporabniku ob za\u010detku vsakokratne uporabe spletne strani dodeli pi\u0161kotek za identifikacijo, spremljanje nakupovalne ko\u0161arice in zagotavljanje sledljivosti (t.i. \u201ccookie\u201d), ki se v pomnilniku stre\u017enika shranjuje le za \u010das trajanja obiska spletne strani in se izbri\u0161e po eni uri neaktivnosti. Trgovec lahko na osebni ra\u010dunalnik uporabnika shrani tudi nekatere trajne pi\u0161kotke, kot npr. identifikacijska \u0161tevilka uporabnika v \u0161ifrirani obliki za prepoznavanje ob naslednjem obisku spletne strani, , posredno pa tudi pi\u0161kotke zunanje storitve Google Analytics, ki slu\u017eijo analizi obiskov spletnega mesta. Lasstnik spletne strani lahko te podatke v anonimizirani sumarni obliki uporabi za namene statisti\u010dnih analiz.<\/p>\n<h4 data-fontsize=\"25\" data-lineheight=\"37\">Nekaj \u00a0primerov uporabe pi\u0161kotkov:<\/h4>\n<div>\n<ul>\n<li><strong>za bolj\u0161o uporabni\u0161ko izku\u0161njo<\/strong>\u00a0spletne strani obiskovalcem prilagodimo prikaz vsebine glede na pretekle obiske<\/li>\n<li>za\u00a0<strong>shranjevanje izbire<\/strong>\u00a0pri ustvarjanju o\u017ejega izbora naprav in ponudbe ter njihove primerjave<\/li>\n<li>za prepoznavanje va\u0161e naprave (ra\u010dunalnik, tablica, mobitel), ki omogo\u010da\u00a0<strong>prilagajanje prikaza vsebine va\u0161i napravi<\/strong><\/li>\n<li>za\u00a0<strong>spremljanje obiska<\/strong>, kar omogo\u010da preverjanje u\u010dinkovitosti prikaza vsebin in ustreznosti oglasov ter stalno izbolj\u0161avo spletnih strani<\/li>\n<li><strong>za delovanje dolo\u010denih storitev so nujni<\/strong>\u00a0(npr. spletne banke, spletne trgovine in druge oblike e-poslovanja, \u2026)<\/li>\n<\/ul>\n<h4 data-fontsize=\"25\" data-lineheight=\"37\">Onemogo\u010danje pi\u0161kotkov<\/h4>\n<p>Vi odlo\u010dite, ali boste dovolili shranjevanje pi\u0161kotkov na va\u0161i napravi. Nastavitve za pi\u0161kotke lahko nadzirate in spreminjate v va\u0161em spletnem brskalniku.<\/p>\n<p>Za informacije o nastavitvah za pi\u0161kotke izberite spletni brskalnik, ki ga uporabljate.<\/p>\n<ul>\n<li><a href=\"https:\/\/support.google.com\/chrome\/answer\/95647?hl=sl-sl&amp;p=cpn_cookies\" target=\"_blank\" rel=\"noopener noreferrer\">Chrome<\/a><\/li>\n<li><a href=\"https:\/\/support.mozilla.org\/sl\/kb\/Kako%20aktivirate%20in%20deaktivirate%20pi%C5%A1kote\" target=\"_blank\" rel=\"noopener noreferrer\">Firefox<\/a><\/li>\n<li><a href=\"https:\/\/www.opera.com\/help\/tutorials\/security\/cookies\/\" target=\"_blank\" rel=\"noopener noreferrer\">Opera<\/a><\/li>\n<li><a href=\"https:\/\/windows.microsoft.com\/sl-si\/windows7\/how-to-manage-cookies-in-internet-explorer-9\" target=\"_blank\" rel=\"noopener noreferrer\">Internet Explorer 9<\/a><\/li>\n<li><a href=\"https:\/\/windows.microsoft.com\/sl-si\/windows-vista\/block-or-allow-cookies\" target=\"_blank\" rel=\"noopener noreferrer\">Internet Explorer 7 in 8<\/a><\/li>\n<li><a href=\"https:\/\/support.apple.com\/kb\/PH11913\" target=\"_blank\" rel=\"noopener noreferrer\">Safari<\/a><\/li>\n<\/ul>\n<p>\u010ce spremenite ali izbri\u0161ete brskalnikovo datoteko s pi\u0161kotki, spremenite ali nagradite va\u0161 brskalnik ali napravo, boste morda morali ponovno onemogo\u010diti pi\u0161kotke. Postopek za upravljanje in brisanje pi\u0161kotkov se razlikuje od brskalnika do brskalnika. \u010ce pri tem potrebujete pomo\u010d, lahko pogledate v brskalnikovi pomo\u010di uporabnikom. Sledenju Google Analytics lahko onemogo\u010dite tudi na naslednji\u00a0<a href=\"https:\/\/tools.google.com\/dlpage\/gaoptout\" target=\"_blank\" rel=\"noopener noreferrer\">povezavi<\/a>.<\/p>\n<table>\n<tbody>\n<tr>\n<td><strong>Ime pi\u0161kotka<\/strong><\/td>\n<td><strong>Namen<\/strong><\/td>\n<td><strong>Trajanje<\/strong><\/td>\n<td><strong>Podjetje<\/strong><\/td>\n<\/tr>\n<tr>\n<td>_utma<\/td>\n<td>Statistika ogledov spletne strani<\/td>\n<td>2 leti<\/td>\n<td>Google Analytics<\/td>\n<\/tr>\n<tr>\n<td>_utmb<\/td>\n<td>Statistika ogledov spletne strani<\/td>\n<td>30 minut<\/td>\n<td>Google Analytics<\/td>\n<\/tr>\n<tr>\n<td>_utmc<\/td>\n<td>Statistika ogledov spletne strani<\/td>\n<td>Trajanje seje<\/td>\n<td>Google Analytics<\/td>\n<\/tr>\n<tr>\n<td>_utmv<\/td>\n<td>Statistika ogledov spletne strani<\/td>\n<td>Trajanje seje<\/td>\n<td>Google Analytics<\/td>\n<\/tr>\n<tr>\n<td>_utmz<\/td>\n<td>Statistika ogledov spletne strani<\/td>\n<td>6 mesecev<\/td>\n<td>Google Analytics<\/td>\n<\/tr>\n<tr>\n<td>act<\/td>\n<td>Delovanje Facebook vti\u010dnika<\/td>\n<td>Trajanje seje<\/td>\n<td>Facebook<\/td>\n<\/tr>\n<tr>\n<td>c_user<\/td>\n<td>Delovanje Facebook vti\u010dnika<\/td>\n<td>Trajanje seje<\/td>\n<td>Facebook<\/td>\n<\/tr>\n<tr>\n<td>csm<\/td>\n<td>Delovanje Facebook vti\u010dnika<\/td>\n<td>Trajanje seje<\/td>\n<td>Facebook<\/td>\n<\/tr>\n<tr>\n<td>datr<\/td>\n<td>Delovanje Facebook vti\u010dnika<\/td>\n<td>2 leti<\/td>\n<td>Facebook<\/td>\n<\/tr>\n<tr>\n<td>fr<\/td>\n<td>Delovanje Facebook vti\u010dnika<\/td>\n<td>1 mesec<\/td>\n<td>Facebook<\/td>\n<\/tr>\n<tr>\n<td>lu<\/td>\n<td>Delovanje Facebook vti\u010dnika<\/td>\n<td>2 leti<\/td>\n<td>Facebook<\/td>\n<\/tr>\n<tr>\n<td>p<\/td>\n<td>Delovanje Facebook vti\u010dnika<\/td>\n<td>Trajanje seje<\/td>\n<td>Facebook<\/td>\n<\/tr>\n<tr>\n<td>presence<\/td>\n<td>Delovanje Facebook vti\u010dnika<\/td>\n<td>Trajanje seje<\/td>\n<td>Facebook<\/td>\n<\/tr>\n<tr>\n<td>s<\/td>\n<td>Delovanje Facebook vti\u010dnika<\/td>\n<td>Trajanje seje<\/td>\n<td>Facebook<\/td>\n<\/tr>\n<tr>\n<td>sub<\/td>\n<td>Delovanje Facebook vti\u010dnika<\/td>\n<td>Trajanje seje<\/td>\n<td>Facebook<\/td>\n<\/tr>\n<tr>\n<td>xs<\/td>\n<td>Delovanje Facebook vti\u010dnika<\/td>\n<td>Trajanje seje<\/td>\n<td>Facebook<\/td>\n<\/tr>\n<tr>\n<td>reg_fb_gate<\/td>\n<td>Delovanje Facebook vti\u010dnika<\/td>\n<td>Trajanje seje<\/td>\n<td>Facebook<\/td>\n<\/tr>\n<tr>\n<td>reg_fb_ref<\/td>\n<td>Delovanje Facebook vti\u010dnika<\/td>\n<td>Trajanje seje<\/td>\n<td>Facebook<\/td>\n<\/tr>\n<\/tbody>\n<\/table>\n<\/div><\/div>\n\t\t\t\t<\/div>\n\t\t\t\t<\/div>\n\t\t\t\t\t\t<\/div>\n\t\t\t<\/div>\n\t\t<\/div>\n\t\t\t\t\t\t<\/div>\n\t\t\t<\/div>\n\t\t<\/section>\n\t\t\t\t\t\t<\/div>\n\t\t\t<\/div>\n\t\t<\/div>\n\t\t","protected":false},"excerpt":{"rendered":"<p>Kdo smo Naslov na\u0161e spletne strani je:&nbsp;http:\/\/dnl.si\/ DNL ANDI PODLESNIK s.p. Pod gozdom 17, 1420 Trbovlje Katere osebne podatke zbiramo in zakaj Komentarji Ko obiskovalci zapustijo komentarje na spletnem mestu, zbiramo podatke, prikazane v oddanem obrazcu, in tudi naslov IP obiskovalca, ki pomaga odkriti ne\u017eeleno po\u0161to. Storitvi Gravatar lahko dobite anonimiziran niz, ustvarjen s svojega [&hellip;]<\/p>\n","protected":false},"author":1,"featured_media":0,"parent":0,"menu_order":0,"comment_status":"closed","ping_status":"open","template":"elementor_header_footer","meta":{"footnotes":""},"_links":{"self":[{"href":"http:\/\/dnl.si\/index.php\/wp-json\/wp\/v2\/pages\/3"}],"collection":[{"href":"http:\/\/dnl.si\/index.php\/wp-json\/wp\/v2\/pages"}],"about":[{"href":"http:\/\/dnl.si\/index.php\/wp-json\/wp\/v2\/types\/page"}],"author":[{"embeddable":true,"href":"http:\/\/dnl.si\/index.php\/wp-json\/wp\/v2\/users\/1"}],"replies":[{"embeddable":true,"href":"http:\/\/dnl.si\/index.php\/wp-json\/wp\/v2\/comments?post=3"}],"version-history":[{"count":4,"href":"http:\/\/dnl.si\/index.php\/wp-json\/wp\/v2\/pages\/3\/revisions"}],"predecessor-version":[{"id":303,"href":"http:\/\/dnl.si\/index.php\/wp-json\/wp\/v2\/pages\/3\/revisions\/303"}],"wp:attachment":[{"href":"http:\/\/dnl.si\/index.php\/wp-json\/wp\/v2\/media?parent=3"}],"curies":[{"name":"wp","href":"https:\/\/api.w.org\/{rel}","templated":true}]}}